{"id":57,"date":"2022-04-18T14:22:14","date_gmt":"2022-04-18T14:22:14","guid":{"rendered":"http:\/\/jfa2022.unnoba.edu.ar\/?page_id=57"},"modified":"2022-05-03T11:44:36","modified_gmt":"2022-05-03T11:44:36","slug":"unnoba-institucional","status":"publish","type":"page","link":"https:\/\/jfa2022.unnoba.edu.ar\/index.php\/unnoba-institucional\/","title":{"rendered":"UNNOBA"},"content":{"rendered":"<p>La Universidad Nacional del Noroeste de la Provincia de Buenos Aires, como Universidad P\u00fablica del Siglo XXI se plantea atesorar, crear y transferir conocimientos, cultura y tecnolog\u00eda en forma democr\u00e1tica,\u00a0 garantizando a todas las personas que est\u00e9n dispuestas a realizar el esfuerzo de estudiar, los medios necesarios para lograrlo. Con sede en las ciudades de Jun\u00edn y Pergamino, promueve una amplia oferta educativa vinculada al desarrollo socio productivo de la regi\u00f3n.<\/p>\n<p>En la actualidad, ofrece 23 carreras en las \u00e1reas de Alimentos, Agronom\u00eda, Gen\u00e9tica, Inform\u00e1tica, Ingenier\u00eda, Dise\u00f1o, Econ\u00f3micas, Jur\u00eddicas y Salud, que se dictan en la\u00a0<a href=\"https:\/\/www.unnoba.edu.ar\/escuela-de-agrarias-naturales-y-ambientales\/\">Escuela de Ciencias Agrarias, Naturales y Ambientales<\/a>;\u00a0<a href=\"https:\/\/www.unnoba.edu.ar\/escuela-de-tecnologia\/\">Escuela de Tecnolog\u00eda<\/a>;\u00a0<a href=\"https:\/\/www.unnoba.edu.ar\/escuela-de-economicas-y-juridicas\/\">Escuela de Ciencias Econ\u00f3micas y Jur\u00eddicas<\/a>; y el\u00a0<a href=\"https:\/\/www.unnoba.edu.ar\/instituto-de-desarrollo-humano\/\">Instituto Acad\u00e9mico de Desarrollo Humano.\u00a0<\/a><\/p>\n<p>A trav\u00e9s del\u00a0<a href=\"https:\/\/www.unnoba.edu.ar\/posgrado\/\">Instituto de Posgrado<\/a>\u00a0se complementa la oferta educativa, ofreciendo cursos, diplomaturas especializaciones, maestr\u00edas y doctorados, que pretenden fortalecer la formaci\u00f3n de calidad de recursos humanos de todo el pa\u00eds.<\/p>\n<p>La UNNOBA cuenta tambi\u00e9n con una\u00a0<a href=\"https:\/\/secundaria.unnoba.edu.ar\/\">escuela secundaria<\/a>, denominada Presidente Domingo F Sarmiento, cuyo acceso es irrestricto. La escuela se basa en una perspectiva integral, que trabaja distintas competencias del\u00a0ser, el saber y el hacer.<\/p>\n<p>En el a\u00f1o 2015, la Universidad puso en marcha un Plan de Territorializaci\u00f3n, a trav\u00e9s del cual ofrece actividades acad\u00e9micas y de extensi\u00f3n en numerosas localidades de la regi\u00f3n noroeste de la provincia de Buenos Aires.<\/p>\n<p>&nbsp;<\/p>\n<p><strong>Historia<\/strong><\/p>\n<p>La Universidad Nacional del Noroeste de la\u00a0 Provincia de Buenos Aires (UNNOBA) fue creada el 16 de diciembre de 2002 por decreto del Poder Ejecutivo Nacional N\u00ba 2.617, y ratificada su creaci\u00f3n por Ley N\u00ba 25.824 del 19 de Noviembre de 2003.<\/p>\n<p>La concreci\u00f3n del proyecto institucional y acad\u00e9mico, tiene como antecedente la organizaci\u00f3n de dos Centros Universitarios Regionales, el Centro Universitario Regional Jun\u00edn (CURJ), y el Centro Regional Universitario Pergamino (CRUP), que desarrollaron actividades de educaci\u00f3n superior universitaria desde 1990 y 1991 respectivamente.<\/p>\n<p>La etapa de organizaci\u00f3n comenz\u00f3 en el a\u00f1o 2003 y en el 2005 el dictado de su propia oferta acad\u00e9mica. En el a\u00f1o 2007 se eligieron los representantes a la Asamblea Universitaria y al Consejo Superior y el 26 de abril de ese a\u00f1o el primer Rector fue elegido por la Asamblea Universitaria. A fines del a\u00f1o 2008 se inici\u00f3 la organizaci\u00f3n de las Escuelas. La normalizaci\u00f3n de las mismas se concret\u00f3 durante el mes de octubre del a\u00f1o 2010.<\/p>\n<p>El 8 de marzo de 2019, la Asamblea Universitaria eligi\u00f3 como Rector al Dr. Guillermo Tamarit para el per\u00edodo 2019-2023.<\/p>\n","protected":false},"excerpt":{"rendered":"<p>La Universidad Nacional del Noroeste de la Provincia de Buenos Aires, como Universidad P\u00fablica del Siglo XXI se plantea atesorar, crear y transferir conocimientos, cultura y tecnolog\u00eda en forma democr\u00e1tica,\u00a0 &#8230;<\/p>\n","protected":false},"author":1,"featured_media":0,"parent":0,"menu_order":0,"comment_status":"closed","ping_status":"closed","template":"","meta":{"footnotes":""},"class_list":["post-57","page","type-page","status-publish","hentry"],"_links":{"self":[{"href":"https:\/\/jfa2022.unnoba.edu.ar\/index.php\/wp-json\/wp\/v2\/pages\/57","targetHints":{"allow":["GET"]}}],"collection":[{"href":"https:\/\/jfa2022.unnoba.edu.ar\/index.php\/wp-json\/wp\/v2\/pages"}],"about":[{"href":"https:\/\/jfa2022.unnoba.edu.ar\/index.php\/wp-json\/wp\/v2\/types\/page"}],"author":[{"embeddable":true,"href":"https:\/\/jfa2022.unnoba.edu.ar\/index.php\/wp-json\/wp\/v2\/users\/1"}],"replies":[{"embeddable":true,"href":"https:\/\/jfa2022.unnoba.edu.ar\/index.php\/wp-json\/wp\/v2\/comments?post=57"}],"version-history":[{"count":4,"href":"https:\/\/jfa2022.unnoba.edu.ar\/index.php\/wp-json\/wp\/v2\/pages\/57\/revisions"}],"predecessor-version":[{"id":217,"href":"https:\/\/jfa2022.unnoba.edu.ar\/index.php\/wp-json\/wp\/v2\/pages\/57\/revisions\/217"}],"wp:attachment":[{"href":"https:\/\/jfa2022.unnoba.edu.ar\/index.php\/wp-json\/wp\/v2\/media?parent=57"}],"curies":[{"name":"wp","href":"https:\/\/api.w.org\/{rel}","templated":true}]}}