{"id":60,"date":"2022-04-18T14:22:14","date_gmt":"2022-04-18T14:22:14","guid":{"rendered":"http:\/\/jfa2022.unnoba.edu.ar\/?page_id=60"},"modified":"2022-05-03T11:46:19","modified_gmt":"2022-05-03T11:46:19","slug":"comite-cientifico","status":"publish","type":"page","link":"https:\/\/jfa2022.unnoba.edu.ar\/index.php\/comite-cientifico\/","title":{"rendered":"Comisi\u00f3n Cient\u00edfica"},"content":{"rendered":"<p>Fitopatolog\u00eda: Dr. MIGUEL ANGEL LAVILLA<br \/>\nZoolog\u00eda: Lic. JUAN MARTIN PE\u00d1A<br \/>\nMalezas: Ing. Agr. GABRIEL PICAPIETRA<\/p>\n","protected":false},"excerpt":{"rendered":"<p>Fitopatolog\u00eda: Dr. MIGUEL ANGEL LAVILLA Zoolog\u00eda: Lic. JUAN MARTIN PE\u00d1A Malezas: Ing. Agr. GABRIEL PICAPIETRA<\/p>\n","protected":false},"author":1,"featured_media":0,"parent":0,"menu_order":0,"comment_status":"closed","ping_status":"closed","template":"","meta":{"footnotes":""},"class_list":["post-60","page","type-page","status-publish","hentry"],"_links":{"self":[{"href":"https:\/\/jfa2022.unnoba.edu.ar\/index.php\/wp-json\/wp\/v2\/pages\/60","targetHints":{"allow":["GET"]}}],"collection":[{"href":"https:\/\/jfa2022.unnoba.edu.ar\/index.php\/wp-json\/wp\/v2\/pages"}],"about":[{"href":"https:\/\/jfa2022.unnoba.edu.ar\/index.php\/wp-json\/wp\/v2\/types\/page"}],"author":[{"embeddable":true,"href":"https:\/\/jfa2022.unnoba.edu.ar\/index.php\/wp-json\/wp\/v2\/users\/1"}],"replies":[{"embeddable":true,"href":"https:\/\/jfa2022.unnoba.edu.ar\/index.php\/wp-json\/wp\/v2\/comments?post=60"}],"version-history":[{"count":3,"href":"https:\/\/jfa2022.unnoba.edu.ar\/index.php\/wp-json\/wp\/v2\/pages\/60\/revisions"}],"predecessor-version":[{"id":220,"href":"https:\/\/jfa2022.unnoba.edu.ar\/index.php\/wp-json\/wp\/v2\/pages\/60\/revisions\/220"}],"wp:attachment":[{"href":"https:\/\/jfa2022.unnoba.edu.ar\/index.php\/wp-json\/wp\/v2\/media?parent=60"}],"curies":[{"name":"wp","href":"https:\/\/api.w.org\/{rel}","templated":true}]}}