{"id":68,"date":"2022-04-18T14:22:14","date_gmt":"2022-04-18T14:22:14","guid":{"rendered":"http:\/\/jfa2022.unnoba.edu.ar\/?page_id=68"},"modified":"2022-10-20T13:28:53","modified_gmt":"2022-10-20T13:28:53","slug":"dia-2","status":"publish","type":"page","link":"https:\/\/jfa2022.unnoba.edu.ar\/index.php\/dia-2\/","title":{"rendered":"20 de octubre"},"content":{"rendered":"<table width=\"1104\">\n<tbody>\n<tr>\n<td style=\"text-align: center;\" colspan=\"8\" width=\"1104\"><a href=\"http:\/\/jfa2022.unnoba.edu.ar\/wp-content\/uploads\/2022\/10\/dia-20-.pdf\">Cronograma d\u00eda 20<\/a><\/td>\n<\/tr>\n<tr>\n<td width=\"123\"><strong><span style=\"color: #008000;\">9.00 a 10.00<\/span><\/strong><\/td>\n<td width=\"79\"><strong><span style=\"color: #008000;\">AULA 4<\/span><\/strong><\/td>\n<td colspan=\"6\" width=\"902\"><strong><span style=\"color: #008000;\">EXPOSICI\u00d3N ORAL DE TRABAJOS (\u00c1REA ZOOLOG\u00cdA)<\/span><\/strong><\/td>\n<\/tr>\n<tr>\n<td rowspan=\"6\" width=\"123\">9.00 a 10.30<\/td>\n<td rowspan=\"4\" width=\"79\">AUDITORIO MANUEL BELGRANO<\/td>\n<td rowspan=\"4\" width=\"105\">Fitopatolog\u00eda<\/td>\n<td rowspan=\"4\" width=\"63\">Centro<\/td>\n<td rowspan=\"2\" width=\"175\">Seminario de enfermedades bacterianas y virales<\/td>\n<td rowspan=\"4\" width=\"169\">Moderadora<br \/>\nIng. Agr. Dra. Rosanna Pioli (UNR)<\/td>\n<td rowspan=\"2\" width=\"225\">Enfermedades bacterianas y virales de los cultivos de ma\u00edz y trigo<\/td>\n<td width=\"165\">Ing. Agr. Dra. Mar\u00eda Paz Gimenez Pecci (INTA IPAVE)<\/td>\n<\/tr>\n<tr>\n<td width=\"165\">Lic. Dra. Cristina Plazas (FCA UCC)<\/td>\n<\/tr>\n<tr>\n<td rowspan=\"2\" width=\"175\">Seminario Fusarium y pat\u00f3genos asociados en soja y ma\u00edz<\/td>\n<td rowspan=\"2\" width=\"225\">Enfermedades causadas por Fusarium spp.<\/td>\n<td width=\"165\">Ing. Agr. MSc. Lisandro Lenzi (INTA EEA Marcos Ju\u00e1rez)<\/td>\n<\/tr>\n<tr>\n<td width=\"165\">Lic. Dr. Sebasti\u00e1n Stenglein (UNICEN)<\/td>\n<\/tr>\n<tr>\n<td rowspan=\"2\" width=\"79\">AULA 8<\/td>\n<td rowspan=\"2\" width=\"105\">Malezas<\/td>\n<td rowspan=\"2\" width=\"63\">Centro<\/td>\n<td rowspan=\"2\" width=\"175\">Seminario regiones geogr\u00e1ficas<\/td>\n<td rowspan=\"2\" width=\"169\">Moderador<br \/>\nIng. Agr. Gabriel Picapietra (INTA EEA Pergamino \u2013 UNNOBA)<\/td>\n<td rowspan=\"2\" width=\"225\">Experiencias en manejo integrado de malezas en la regi\u00f3n semi\u00e1rida central de Argentina.<\/td>\n<td width=\"165\">Ing. Agr. MSc. Diego Ustrarroz (INTA EEA Manfredi)<\/td>\n<\/tr>\n<tr>\n<td width=\"165\">Ing. Agr. MSc. Ignacio Mart\u00edn Luna (INTA EEA Quimil\u00ed)<\/td>\n<\/tr>\n<tr>\n<td width=\"123\">10.30 a 10.45<\/td>\n<td width=\"79\"><\/td>\n<td colspan=\"6\" width=\"902\">CAF\u00c9<\/td>\n<\/tr>\n<tr>\n<td rowspan=\"3\" width=\"123\">10.45 a 12.00<\/td>\n<td rowspan=\"2\" width=\"79\">AULA 8<\/td>\n<td rowspan=\"2\" width=\"105\">Malezas<\/td>\n<td colspan=\"2\" rowspan=\"2\" width=\"238\">Curso Disciplina<\/td>\n<td rowspan=\"2\" width=\"169\">Moderador<br \/>\nIng. Agr. MSc. Sergio Cepeda (Bayer \u2013 UNNOBA)<\/td>\n<td width=\"225\">Introducci\u00f3n a las BPA en el uso de fitosanitarios.<\/td>\n<td width=\"165\">Ing. Agr. Federico Elorza (CASAFE)<\/td>\n<\/tr>\n<tr>\n<td width=\"225\">Incidencia de la nanotecnologia sobre la performance de plaguicidas.<\/td>\n<td width=\"165\">Ing. Agr. Julio Laurenza(NANOTICA)<\/td>\n<\/tr>\n<tr>\n<td width=\"79\">AUDITORIO MANUEL BELGRANO<\/td>\n<td width=\"105\">Zoolog\u00eda<\/td>\n<td colspan=\"3\" width=\"407\">Conferencia sobre Control Biol\u00f3gico<\/td>\n<td width=\"225\">CONTROL BIOL\u00d3GICO : estado de situaci\u00f3n en Argentina<\/td>\n<td width=\"165\">Guillermo Cabrera Walsh<\/td>\n<\/tr>\n<tr>\n<td width=\"123\">12.00 a 13.00<\/td>\n<td width=\"79\"><\/td>\n<td colspan=\"6\" width=\"902\">ALMUERZO<\/td>\n<\/tr>\n<tr>\n<td width=\"123\"><strong><span style=\"color: #008000;\">13.00 a 14.00<\/span><\/strong><\/td>\n<td width=\"79\"><\/td>\n<td colspan=\"6\" width=\"902\"><strong><span style=\"color: #008000;\">SESI\u00d3N DE POSTERS PROTECCI\u00d3N VEGETAL Y MALEZAS<\/span><\/strong> <strong><a href=\"http:\/\/jfa2022.unnoba.edu.ar\/wp-content\/uploads\/2022\/10\/Distribucion-Posters-PV-y-Malezas.pdf\">VER DISTRIBUCI\u00d3N DE AULAS AQU\u00cd<\/a><\/strong><\/td>\n<\/tr>\n<tr>\n<td rowspan=\"10\" width=\"123\">14.00 a 15.30<\/td>\n<td rowspan=\"3\" width=\"79\">AULA 8<\/td>\n<td rowspan=\"3\" width=\"105\">Malezas<\/td>\n<td rowspan=\"3\" width=\"63\">NEA<\/td>\n<td rowspan=\"3\" width=\"175\">Seminario regiones geogr\u00e1ficas<\/td>\n<td rowspan=\"3\" width=\"169\">Moderadora<br \/>\nIng. Agr. Mar\u00eda Victoria Buratovich (INTA-CONICET \u2013 UNNOBA)<\/td>\n<td width=\"225\">Descripci\u00f3n de la regi\u00f3n y superficie por cultivos. Principales malezas y herbicidas aplicados en cultivos de soja, ma\u00edz y trigo. Cultivos de cobertura y otros m\u00e9todos alternativos de control.<\/td>\n<td width=\"165\">Ing. Agr. MSc. Marcelo Meztler (Asesor privado)<\/td>\n<\/tr>\n<tr>\n<td width=\"225\">Descripci\u00f3n de la regi\u00f3n. Principales malezas (Amaranthus en arroz, Capines, DIGSA, ELEIN y COMME) y herbicidas aplicados en cultivos de arroz, trigo, soja y ma\u00edz\u00a0 Cultivos de cobertura y otros m\u00e9todos alternativos de control. .<\/td>\n<td width=\"165\">Ing. Agr. Andr\u00e9s Rampoldi (INTA EEA Concepci\u00f3n del Uruguay)<\/td>\n<\/tr>\n<tr>\n<td width=\"225\">Descripci\u00f3n de la regi\u00f3n. Principales malezas y herbicidas aplicados en cultivos de c\u00edtricos. Cultivos de cobertura y otros m\u00e9todos alternativos de control.<\/td>\n<td width=\"165\">Ing. Agr. Jos\u00e9 Tarrago<\/td>\n<\/tr>\n<tr>\n<td rowspan=\"4\" width=\"79\">AUDITORIO MANUEL BELGRANO<\/td>\n<td rowspan=\"4\" width=\"105\">Fitopatolog\u00eda<\/td>\n<td width=\"63\">NOA<\/td>\n<td rowspan=\"4\" width=\"175\">Enfermedades en cultivos industriales I<\/td>\n<td rowspan=\"4\" width=\"169\">Moderadora<br \/>\nIng. Agr. Mariel Mitidieri (INTA EEA San Pedro)<\/td>\n<td width=\"225\">Enfermedades en tomate<\/td>\n<td width=\"165\">Ing. Agr. Ceferino Flores (UNS)<\/td>\n<\/tr>\n<tr>\n<td width=\"63\">NOA<\/td>\n<td width=\"225\">Enfermedades y manejo del cultivo de poroto<\/td>\n<td width=\"165\">Ing. Agr. Cecilia Jalil<\/td>\n<\/tr>\n<tr>\n<td rowspan=\"2\" width=\"63\">NOA-NEA-NORTE<\/td>\n<td rowspan=\"2\" width=\"225\">Enfermedades en citrus<\/td>\n<td width=\"165\">Ing. Agr. Gabriela Fogliata<\/td>\n<\/tr>\n<tr>\n<td width=\"165\">\u00a0Ing. Agr. Alberto Gochez (INTA)<\/td>\n<\/tr>\n<tr>\n<td rowspan=\"3\" width=\"79\">AULA 7<\/td>\n<td rowspan=\"3\" width=\"105\">Zoolog\u00eda<\/td>\n<td rowspan=\"3\" width=\"63\">Cuyo<\/td>\n<td rowspan=\"3\" width=\"175\">Manejo de Plagas en Frutales<\/td>\n<td rowspan=\"3\" width=\"169\">Moderadora<br \/>\nIng. Agr. Dra. Liliana Cich\u00f3n (INTA EEA Alto Valle)<\/td>\n<td width=\"225\">An\u00e1lisis y evaluaci\u00f3n de Plagas Cuarentenarias interceptadas en las diferente operatorias de exportaci\u00f3n de peras y manzanas<\/td>\n<td width=\"165\">Ing. Agr. MSc. Federico D\u00b4Herve<\/td>\n<\/tr>\n<tr>\n<td width=\"225\">Estrategias de manejo sustentable en frutales de Patagonia Norte<\/td>\n<td width=\"165\">Ing. Agr. MSc. Silvina Garrido<\/td>\n<\/tr>\n<tr>\n<td width=\"225\">Drosophila suzukii en los valles de la Comarca Andina y sus alternativas de manejo<\/td>\n<td width=\"165\">Dra. Ma. Ver\u00f3nica Chillo<\/td>\n<\/tr>\n<tr>\n<td width=\"123\">15.30 a 15:45<\/td>\n<td width=\"79\"><\/td>\n<td colspan=\"6\" width=\"902\">CAF\u00c9<\/td>\n<\/tr>\n<tr>\n<td rowspan=\"12\" width=\"123\">15.45 a 17.15<\/td>\n<td rowspan=\"4\" width=\"79\">AULA 7<\/td>\n<td rowspan=\"4\" width=\"105\">Zoolog\u00eda<\/td>\n<td rowspan=\"4\" width=\"63\">Pampa<\/td>\n<td rowspan=\"4\" width=\"175\">Plagas Emergentes en Regi\u00f3n Pampeana<\/td>\n<td rowspan=\"4\" width=\"169\">Moderadora<br \/>\nIng. Agr. Fabiana Gallardo<\/td>\n<td width=\"225\">Pulg\u00f3n amarillo en sorgo: distribuci\u00f3n, impacto, biolog\u00eda y manejo<\/td>\n<td width=\"165\">Ing. Agr. Macarena Cassuso (INTA EEA Sa\u00e9nz Pe\u00f1a)<\/td>\n<\/tr>\n<tr>\n<td width=\"225\">Drosophila suzukii: b\u00fasqueda de alternativas de control en el\u00a0 NE de la provincia de Buenos Aires<\/td>\n<td width=\"165\">Ing. Agr. Antonela Dettler\u00a0\u00a0\u00a0\u00a0\u00a0\u00a0\u00a0\u00a0\u00a0\u00a0\u00a0\u00a0\u00a0\u00a0\u00a0\u00a0\u00a0\u00a0\u00a0\u00a0\u00a0\u00a0\u00a0 Ing. Agr. Mar\u00eda B. Riquelme Virgala<\/td>\n<\/tr>\n<tr>\n<td rowspan=\"2\" width=\"225\">Estrategia de autodiseminaci\u00f3n en insectos plaga: Spodoptera frugiperda como caso de estudio<\/td>\n<td width=\"165\">Dr. Alejandro Lucia<\/td>\n<\/tr>\n<tr>\n<td width=\"165\">Emilia Mart\u00ednez<\/td>\n<\/tr>\n<tr>\n<td rowspan=\"6\" width=\"79\">AUDITORIO MANUEL BELGRANO<\/td>\n<td rowspan=\"6\" width=\"105\">Fitopatolog\u00eda<\/td>\n<td rowspan=\"6\" width=\"63\">M\u00faltiples regiones<\/td>\n<td rowspan=\"6\" width=\"175\">Ciclo de conferencias de enfermedades en cultivos extensivos<\/td>\n<td rowspan=\"6\" width=\"169\">Moderador<br \/>\nIng. Agr. MSc. Dr. Miguel Lavilla (UNNOBA)<\/td>\n<td rowspan=\"2\" width=\"225\">Problem\u00e1tica de las enfermedades en trigo y en cebada<\/td>\n<td width=\"165\">Ing. Agr. MSc. Lucrecia Couretot (INTA EEA Pergamino)<\/td>\n<\/tr>\n<tr>\n<td width=\"165\">Ing. Agr. MSc. Cristina Palacio (UNNOBA)<\/td>\n<\/tr>\n<tr>\n<td rowspan=\"2\" width=\"225\">Las enfermedades de soja en Argentina<\/td>\n<td width=\"165\">Ing. Agr. Dra. Norma Formento (INTA EEA Paran\u00e1)<\/td>\n<\/tr>\n<tr>\n<td width=\"165\">Ing. Agr. Mariel Lago (INTA EEA Oliveros)<\/td>\n<\/tr>\n<tr>\n<td width=\"225\">Principales enfermedades del cultivo de ma\u00edz en la regi\u00f3n productiva<\/td>\n<td width=\"165\">Ing. Agr. Cecilia D\u00edaz (UNT)<\/td>\n<\/tr>\n<tr>\n<td width=\"225\">Problem\u00e1tica e importancia de las patolog\u00eda en semillas<\/td>\n<td width=\"165\">Ing. Agr. Dra. Mercedes Scandiani (Investigadora Privada\/UNR)<\/td>\n<\/tr>\n<tr>\n<td rowspan=\"2\" width=\"79\">AULA 8<\/td>\n<td rowspan=\"2\" width=\"105\">Malezas<\/td>\n<td rowspan=\"2\" width=\"63\">Plenaria<\/td>\n<td rowspan=\"2\" width=\"175\"><\/td>\n<td rowspan=\"2\" width=\"169\">Moderador<br \/>\nIng. Agr. Alejandro Buono (UNNOBA)<\/td>\n<td rowspan=\"2\" width=\"225\">Conocimiento cient\u00edfico en Herbicidas y Resistencia.<\/td>\n<td width=\"165\">Ing. Agr. MSc. Dr. Julio Scursoni (FAUBA)<\/td>\n<\/tr>\n<tr>\n<td width=\"165\">Ing. Agr. MSc. PhD. Martin Vila Aiub (IFEVA \u2013 CONICET)<\/td>\n<\/tr>\n<\/tbody>\n<\/table>\n","protected":false},"excerpt":{"rendered":"<p>Cronograma d\u00eda 20 9.00 a 10.00 AULA 4 EXPOSICI\u00d3N ORAL DE TRABAJOS (\u00c1REA ZOOLOG\u00cdA) 9.00 a 10.30 AUDITORIO MANUEL BELGRANO Fitopatolog\u00eda Centro Seminario de enfermedades bacterianas y virales Moderadora Ing. &#8230;<\/p>\n","protected":false},"author":1,"featured_media":0,"parent":0,"menu_order":0,"comment_status":"closed","ping_status":"closed","template":"","meta":{"footnotes":""},"class_list":["post-68","page","type-page","status-publish","hentry"],"_links":{"self":[{"href":"https:\/\/jfa2022.unnoba.edu.ar\/index.php\/wp-json\/wp\/v2\/pages\/68","targetHints":{"allow":["GET"]}}],"collection":[{"href":"https:\/\/jfa2022.unnoba.edu.ar\/index.php\/wp-json\/wp\/v2\/pages"}],"about":[{"href":"https:\/\/jfa2022.unnoba.edu.ar\/index.php\/wp-json\/wp\/v2\/types\/page"}],"author":[{"embeddable":true,"href":"https:\/\/jfa2022.unnoba.edu.ar\/index.php\/wp-json\/wp\/v2\/users\/1"}],"replies":[{"embeddable":true,"href":"https:\/\/jfa2022.unnoba.edu.ar\/index.php\/wp-json\/wp\/v2\/comments?post=68"}],"version-history":[{"count":21,"href":"https:\/\/jfa2022.unnoba.edu.ar\/index.php\/wp-json\/wp\/v2\/pages\/68\/revisions"}],"predecessor-version":[{"id":485,"href":"https:\/\/jfa2022.unnoba.edu.ar\/index.php\/wp-json\/wp\/v2\/pages\/68\/revisions\/485"}],"wp:attachment":[{"href":"https:\/\/jfa2022.unnoba.edu.ar\/index.php\/wp-json\/wp\/v2\/media?parent=68"}],"curies":[{"name":"wp","href":"https:\/\/api.w.org\/{rel}","templated":true}]}}