{"id":69,"date":"2022-04-18T14:22:15","date_gmt":"2022-04-18T14:22:15","guid":{"rendered":"http:\/\/jfa2022.unnoba.edu.ar\/?page_id=69"},"modified":"2022-10-19T18:28:10","modified_gmt":"2022-10-19T18:28:10","slug":"dia-3","status":"publish","type":"page","link":"https:\/\/jfa2022.unnoba.edu.ar\/index.php\/dia-3\/","title":{"rendered":"21 de octubre"},"content":{"rendered":"<table width=\"994\">\n<tbody>\n<tr>\n<td style=\"text-align: center;\" colspan=\"8\" width=\"994\"><a href=\"http:\/\/jfa2022.unnoba.edu.ar\/wp-content\/uploads\/2022\/10\/Cronograma-21.pdf\">Cronograma \u2013 21 de octubre de 2022<\/a><\/td>\n<\/tr>\n<tr>\n<td width=\"63\"><\/td>\n<td width=\"63\"><\/td>\n<td width=\"107\"><\/td>\n<td width=\"110\"><\/td>\n<td width=\"127\"><\/td>\n<td width=\"147\"><\/td>\n<td width=\"199\"><\/td>\n<td width=\"178\"><\/td>\n<\/tr>\n<tr>\n<td width=\"63\">8.30 a 12.00<\/td>\n<td width=\"63\"><\/td>\n<td colspan=\"6\" width=\"868\"><span style=\"color: #008000;\"><strong>VISITAS A CAMPO<\/strong><\/span><br \/>\nTodas las visitas son con inscripci\u00f3n previa y cupo\/ El traslado corre por cuenta propia.<span style=\"color: #008000;\"><b>VISITA A CAMPO EXPERIMENTAL BAYER\u00a0 \u00a0<a style=\"color: #008000;\" href=\"https:\/\/forms.gle\/WbbAg8TU6iLqnS2cA\"> Inscripci\u00f3n\u00a0<\/a><\/b><b>Aqu\u00ed<\/b><\/span><br \/>\n<span style=\"color: #008000;\"><strong>VISITA A CAMPO EEA INTA PERGAMINO <a style=\"color: #008000;\" href=\"https:\/\/forms.gle\/djZMFtc67tmH64tS8\">Inscripci\u00f3n Aqu\u00ed<\/a><\/strong><\/span><br \/>\n<span style=\"color: #008000;\"><strong>VISITA A PLANTA SYNGENTA SEEDCARE\u00a0 <a style=\"color: #008000;\" href=\"https:\/\/forms.gle\/pBZC1yizsAwV9jwJ8\">Inscripci\u00f3n Aqu\u00ed<\/a><\/strong><\/span><\/p>\n<p><span style=\"color: #008000;\"><strong>VISITA AL CAMPO EXPERIMENTAL LAS MAGNOLIAS UNNOBA-JUNIN<a style=\"color: #008000;\" href=\"https:\/\/forms.gle\/FQaL1tAWjpanvy4W7\"> Inscripci\u00f3n Aqu\u00ed<\/a><\/strong><\/span><\/td>\n<\/tr>\n<tr>\n<td rowspan=\"9\" width=\"63\">9.00 a 10.30<\/td>\n<td rowspan=\"5\" width=\"63\">AULA 7<\/td>\n<td rowspan=\"5\" width=\"107\">Fitopatolog\u00eda<\/td>\n<td rowspan=\"5\" width=\"110\">Regiones<br \/>\nMultiples<\/td>\n<td rowspan=\"5\" width=\"127\">Enfermedades en cultivos industriales II<\/td>\n<td rowspan=\"5\" width=\"147\">Moderadora<br \/>\nIng. Agr. Victoria Gonzalez (EEAOC Tucum\u00e1n)<\/td>\n<td width=\"199\">Problem\u00e1tica del Virus del Entorchamiento en arroz<\/td>\n<td width=\"178\">Dra. Mar\u00eda de la Paz Gim\u00e9nez Pecci<\/td>\n<\/tr>\n<tr>\n<td width=\"199\">Las enfermedades en yerba mate. Micotoxinas.<\/td>\n<td width=\"178\">Ing. Ftal. (M.Cs) Delia M. Dummel<\/td>\n<\/tr>\n<tr>\n<td width=\"199\">Principales enfermedades y manejo en el cultivo de tabaco<\/td>\n<td width=\"178\">Ing. Agr. Dra. Guadalupe Mercado Cardenas (INTA EEA Salta)<\/td>\n<\/tr>\n<tr>\n<td width=\"199\">Problem\u00e1tica de las enfermedades en Pec\u00e1n<\/td>\n<td width=\"178\">Ing. Agr. Micaela Heredia (INTA EEA Famaill\u00e1)<\/td>\n<\/tr>\n<tr>\n<td width=\"199\">Rama seca-olivo: Diagnostico\u00a0a lo \u00faltimos avances en\u00a0 manejo Integrado<\/td>\n<td width=\"178\">Ing. Agr. Mar\u00eda Laura Otero (INTA IPAVE)<\/td>\n<\/tr>\n<tr>\n<td rowspan=\"4\" width=\"63\">Auditorio Manuel Belgrano<\/td>\n<td rowspan=\"4\" width=\"107\">Zoolog\u00eda<\/td>\n<td rowspan=\"4\" width=\"110\">NEA<\/td>\n<td rowspan=\"4\" width=\"127\">Nuevas realidades en la Mesopotamia<\/td>\n<td rowspan=\"4\" width=\"147\">Moderadora<br \/>\nIng. Agr. MSc. Vanesa Hochmaier (INTA EEA Concordia)<\/td>\n<td width=\"199\">Manejo Integrado de plagas en cultivos hort\u00edcolas bajo cubierta<\/td>\n<td width=\"178\">M.Sc. Jorge Castresana (INTA EEA Concordia)<\/td>\n<\/tr>\n<tr>\n<td width=\"199\">Residuos de plaguicidas provenientes del manejo integrado en c\u00edtricos y pec\u00e1n<\/td>\n<td width=\"178\">M.Sc. Cecilia Kulczycki (INTA EEA Concordia)<\/td>\n<\/tr>\n<tr>\n<td width=\"199\">\u00a0\u00abHLB en Argentina: del diagn\u00f3stico, al manejo y control de la enfermedad\u00bb<\/td>\n<td width=\"178\">MSc. PhD.\u00a0Alberto Gochez\u00a0 (INTA EEA Bella Vista)<\/td>\n<\/tr>\n<tr>\n<td width=\"199\">Plagas agalladoras en eucaliptus: especies, distribuci\u00f3n, susceptibilidad de materiales y control biol\u00f3gico<\/td>\n<td width=\"178\">Dra. Carmen Hernandez ( FCEyN \u2013 UBA)<\/td>\n<\/tr>\n<tr>\n<td width=\"63\">10.30 a 10.45<\/td>\n<td width=\"63\"><\/td>\n<td colspan=\"6\" width=\"868\">CAF\u00c9<\/td>\n<\/tr>\n<tr>\n<td width=\"63\">10:45 a 12.30<\/td>\n<td width=\"63\">Auditorio Manuel Belgrano<\/td>\n<td colspan=\"6\" width=\"868\"><span style=\"color: #008000;\"><strong>TALLER DOCENTES:<\/strong> <\/span>\u201cLa transformaci\u00f3n de los modelos de ense\u00f1anza impulsados en la post pandemia en el \u00e1rea de Protecci\u00f3n Vegetal\u201d<\/p>\n<p>Modalidad Taller<br \/>\nCoordinaci\u00f3n a cargo de autoridades: Directora de ECANA Dra. Virginia Pasquinelli y Sec. Acad\u00e9mica Mariana Bracco.<br \/>\n<strong><span style=\"color: #008000;\"><a style=\"color: #008000;\" href=\"https:\/\/forms.gle\/LyjZg5U9CWX5zhgS7\">Inscripci\u00f3n previa aqu\u00ed<\/a><\/span><\/strong><\/td>\n<\/tr>\n<tr>\n<td width=\"63\">12.30 a 13.30<\/td>\n<td width=\"63\"><\/td>\n<td colspan=\"6\" width=\"868\">ALMUERZO<\/td>\n<\/tr>\n<tr>\n<td width=\"63\">13.30 a 14.30<\/td>\n<td width=\"63\">Auditorio Manuel Belgrano<\/td>\n<td width=\"107\">Malezas<\/td>\n<td width=\"110\">Region Cuyo<\/td>\n<td width=\"127\"><\/td>\n<td width=\"147\"><\/td>\n<td width=\"199\">Situaci\u00f3n actual y manejo de malezas en la regi\u00f3n Norpatag\u00f3nica<\/td>\n<td width=\"178\">Ing. Agr. MSc. Juan Pablo Renzi Pugni (INTA EEA Hilario Ascasubi)<\/td>\n<\/tr>\n<tr>\n<td>14.30<\/td>\n<td width=\"63\">Auditorio Manuel Belgrano<\/td>\n<td colspan=\"6\">FINALIZACION Y CIERRE<\/td>\n<\/tr>\n<\/tbody>\n<\/table>\n","protected":false},"excerpt":{"rendered":"<p>Cronograma \u2013 21 de octubre de 2022 8.30 a 12.00 VISITAS A CAMPO Todas las visitas son con inscripci\u00f3n previa y cupo\/ El traslado corre por cuenta propia.VISITA A CAMPO &#8230;<\/p>\n","protected":false},"author":1,"featured_media":0,"parent":0,"menu_order":0,"comment_status":"closed","ping_status":"closed","template":"","meta":{"footnotes":""},"class_list":["post-69","page","type-page","status-publish","hentry"],"_links":{"self":[{"href":"https:\/\/jfa2022.unnoba.edu.ar\/index.php\/wp-json\/wp\/v2\/pages\/69","targetHints":{"allow":["GET"]}}],"collection":[{"href":"https:\/\/jfa2022.unnoba.edu.ar\/index.php\/wp-json\/wp\/v2\/pages"}],"about":[{"href":"https:\/\/jfa2022.unnoba.edu.ar\/index.php\/wp-json\/wp\/v2\/types\/page"}],"author":[{"embeddable":true,"href":"https:\/\/jfa2022.unnoba.edu.ar\/index.php\/wp-json\/wp\/v2\/users\/1"}],"replies":[{"embeddable":true,"href":"https:\/\/jfa2022.unnoba.edu.ar\/index.php\/wp-json\/wp\/v2\/comments?post=69"}],"version-history":[{"count":13,"href":"https:\/\/jfa2022.unnoba.edu.ar\/index.php\/wp-json\/wp\/v2\/pages\/69\/revisions"}],"predecessor-version":[{"id":482,"href":"https:\/\/jfa2022.unnoba.edu.ar\/index.php\/wp-json\/wp\/v2\/pages\/69\/revisions\/482"}],"wp:attachment":[{"href":"https:\/\/jfa2022.unnoba.edu.ar\/index.php\/wp-json\/wp\/v2\/media?parent=69"}],"curies":[{"name":"wp","href":"https:\/\/api.w.org\/{rel}","templated":true}]}}