{"id":76,"date":"2022-04-18T14:22:15","date_gmt":"2022-04-18T14:22:15","guid":{"rendered":"http:\/\/jfa2022.unnoba.edu.ar\/?page_id=76"},"modified":"2022-05-27T13:49:25","modified_gmt":"2022-05-27T13:49:25","slug":"condiciones-de-inscripcion","status":"publish","type":"page","link":"https:\/\/jfa2022.unnoba.edu.ar\/index.php\/condiciones-de-inscripcion\/","title":{"rendered":"Becas"},"content":{"rendered":"<p>Se becar\u00e1n a los 3 mejores res\u00famenes de cada una de las disciplinas, tres (3) para Fitopatolog\u00eda, tres (3) para zoolog\u00eda, tres (3) para malezas y tres (3) para protecci\u00f3n vegetal y ambiente.<\/p>\n<p>Los res\u00famenes deber\u00e1n ser enviados cumpliendo con la normativa vigente de la jornada, al siguiente mail resumenesjfa2022@unnoba.edu.ar.<\/p>\n<p>La fecha de recepci\u00f3n de res\u00famenes para el concurso de becas ser\u00e1 hasta el viernes 24 de junio de 2022 a las 12.00 h. La beca consta \u00fanicamente de la participaci\u00f3n a la XVII JFA sin el abonado de la inscripci\u00f3n; adem\u00e1s el resumen ser\u00e1 galardonado con un certificado que se brindar\u00e1 al finalizar el evento.<\/p>\n<p>Los postulantes a la beca deber\u00e1n cumplir los siguientes requisitos:<br \/>\n1. Ser estudiante de grado o de posgrado.<br \/>\n2. L\u00edmite de edad 35 a\u00f1os.<br \/>\n3. Cuando env\u00ede el resumen, en el cuerpo del mail indicar que se presenta a la beca.<br \/>\n4. Adjuntar en el mail un certificado de alumno regular.<\/p>\n","protected":false},"excerpt":{"rendered":"<p>Se becar\u00e1n a los 3 mejores res\u00famenes de cada una de las disciplinas, tres (3) para Fitopatolog\u00eda, tres (3) para zoolog\u00eda, tres (3) para malezas y tres (3) para protecci\u00f3n &#8230;<\/p>\n","protected":false},"author":1,"featured_media":0,"parent":0,"menu_order":0,"comment_status":"closed","ping_status":"closed","template":"","meta":{"footnotes":""},"class_list":["post-76","page","type-page","status-publish","hentry"],"_links":{"self":[{"href":"https:\/\/jfa2022.unnoba.edu.ar\/index.php\/wp-json\/wp\/v2\/pages\/76","targetHints":{"allow":["GET"]}}],"collection":[{"href":"https:\/\/jfa2022.unnoba.edu.ar\/index.php\/wp-json\/wp\/v2\/pages"}],"about":[{"href":"https:\/\/jfa2022.unnoba.edu.ar\/index.php\/wp-json\/wp\/v2\/types\/page"}],"author":[{"embeddable":true,"href":"https:\/\/jfa2022.unnoba.edu.ar\/index.php\/wp-json\/wp\/v2\/users\/1"}],"replies":[{"embeddable":true,"href":"https:\/\/jfa2022.unnoba.edu.ar\/index.php\/wp-json\/wp\/v2\/comments?post=76"}],"version-history":[{"count":4,"href":"https:\/\/jfa2022.unnoba.edu.ar\/index.php\/wp-json\/wp\/v2\/pages\/76\/revisions"}],"predecessor-version":[{"id":307,"href":"https:\/\/jfa2022.unnoba.edu.ar\/index.php\/wp-json\/wp\/v2\/pages\/76\/revisions\/307"}],"wp:attachment":[{"href":"https:\/\/jfa2022.unnoba.edu.ar\/index.php\/wp-json\/wp\/v2\/media?parent=76"}],"curies":[{"name":"wp","href":"https:\/\/api.w.org\/{rel}","templated":true}]}}