{"id":77,"date":"2022-04-18T14:22:15","date_gmt":"2022-04-18T14:22:15","guid":{"rendered":"http:\/\/jfa2022.unnoba.edu.ar\/?page_id=77"},"modified":"2022-05-27T14:51:05","modified_gmt":"2022-05-27T14:51:05","slug":"normativa-de-resumenes","status":"publish","type":"page","link":"https:\/\/jfa2022.unnoba.edu.ar\/index.php\/normativa-de-resumenes\/","title":{"rendered":"Normativa"},"content":{"rendered":"<p>Cada inscripto\/a podr\u00e1 presentar un m\u00e1ximo de dos res\u00famenes como primer autor\/a.<\/p>\n<p>Para la presentaci\u00f3n de res\u00famenes al menos un autor\/a debe estar inscripto\/a a la Jornada.<\/p>\n<p>Podr\u00e1n presentarse res\u00famenes en las siguientes \u00e1reas: (F) Fitopatolog\u00eda; (Z) Zoolog\u00eda; (M) Malezas; (P) Protecci\u00f3n Vegetal y Ambiente.<\/p>\n<p>&nbsp;<\/p>\n<p><strong><u>Los res\u00famenes deber\u00e1n tener el siguiente formato:<\/u><\/strong><\/p>\n<p><strong><u>T\u00edtulo:<\/u><\/strong> En may\u00fasculas y negrita, s\u00f3lo en casos indispensables (ej. nombres de microorganismos). El t\u00edtulo no podr\u00e1 exceder los 200 caracteres incluyendo espacios, evitar las abreviaturas.<\/p>\n<p><strong><u>Autores y Lugar de trabajo:<\/u><\/strong> indicar las letras iniciales de los nombres y escribir el apellido completo. Usar may\u00fasculas s\u00f3lo donde corresponda. Se\u00f1alar al autor de correspondencia con asterisco.\u00a0 Lugar de trabajo: indicar el nombre completo de las instituciones y direcci\u00f3n postal (calle, n\u00famero, ciudad, c\u00f3digo postal, provincia, pa\u00eds). Asociar con super\u00edndice num\u00e9rico el autor con su lugar de trabajo, cuando \u00e9stos sean distintos. Indicar el correo electr\u00f3nico s\u00f3lo en el autor responsable del trabajo.<\/p>\n<p><strong><u>Texto del resumen:<\/u><\/strong> Hasta 2.000 caracteres con espacios. El cuerpo del resumen deber\u00e1 estar separado de autores y lugar de trabajo con un doble espacio. Usar letra Arial tama\u00f1o 12 e interlineado sencillo. Deber\u00e1 incluir introducci\u00f3n (destacar la importancia del tema), los objetivos del trabajo, metodolog\u00eda, descripci\u00f3n de los resultados m\u00e1s relevantes con su tratamiento estad\u00edstico (si corresponde) y conclusiones. No incluir bibliograf\u00eda, tablas, ni figuras\/fotograf\u00edas<\/p>\n<p><strong><u>Palabras clave:<\/u><\/strong> incluir 2 (dos) como m\u00ednimo y 5 (cinco) como m\u00e1ximo (en lo posible, que sean diferentes a las del t\u00edtulo).<\/p>\n<p>Los res\u00famenes aprobados por el comit\u00e9 cient\u00edfico ser\u00e1n presentados en formato poster y exhibidos en forma digital a trav\u00e9s de pantallas preparadas para tal fin. La selecci\u00f3n para exposici\u00f3n oral ser\u00e1 realizada por el Comit\u00e9 Cient\u00edfico responsable de la evaluaci\u00f3n de los trabajos.<\/p>\n<p><strong><u>Referato:<\/u><\/strong> A cargo del Comit\u00e9 Cient\u00edfico designado por los organizadores de las JFA.<\/p>\n<p>&nbsp;<\/p>\n","protected":false},"excerpt":{"rendered":"<p>Cada inscripto\/a podr\u00e1 presentar un m\u00e1ximo de dos res\u00famenes como primer autor\/a. Para la presentaci\u00f3n de res\u00famenes al menos un autor\/a debe estar inscripto\/a a la Jornada. Podr\u00e1n presentarse res\u00famenes &#8230;<\/p>\n","protected":false},"author":1,"featured_media":0,"parent":0,"menu_order":0,"comment_status":"closed","ping_status":"closed","template":"","meta":{"footnotes":""},"class_list":["post-77","page","type-page","status-publish","hentry"],"_links":{"self":[{"href":"https:\/\/jfa2022.unnoba.edu.ar\/index.php\/wp-json\/wp\/v2\/pages\/77","targetHints":{"allow":["GET"]}}],"collection":[{"href":"https:\/\/jfa2022.unnoba.edu.ar\/index.php\/wp-json\/wp\/v2\/pages"}],"about":[{"href":"https:\/\/jfa2022.unnoba.edu.ar\/index.php\/wp-json\/wp\/v2\/types\/page"}],"author":[{"embeddable":true,"href":"https:\/\/jfa2022.unnoba.edu.ar\/index.php\/wp-json\/wp\/v2\/users\/1"}],"replies":[{"embeddable":true,"href":"https:\/\/jfa2022.unnoba.edu.ar\/index.php\/wp-json\/wp\/v2\/comments?post=77"}],"version-history":[{"count":5,"href":"https:\/\/jfa2022.unnoba.edu.ar\/index.php\/wp-json\/wp\/v2\/pages\/77\/revisions"}],"predecessor-version":[{"id":308,"href":"https:\/\/jfa2022.unnoba.edu.ar\/index.php\/wp-json\/wp\/v2\/pages\/77\/revisions\/308"}],"wp:attachment":[{"href":"https:\/\/jfa2022.unnoba.edu.ar\/index.php\/wp-json\/wp\/v2\/media?parent=77"}],"curies":[{"name":"wp","href":"https:\/\/api.w.org\/{rel}","templated":true}]}}