{"id":78,"date":"2022-04-18T14:22:15","date_gmt":"2022-04-18T14:22:15","guid":{"rendered":"http:\/\/jfa2022.unnoba.edu.ar\/?page_id=78"},"modified":"2022-08-01T11:53:24","modified_gmt":"2022-08-01T11:53:24","slug":"cronograma-de-presentacion-de-resumenes","status":"publish","type":"page","link":"https:\/\/jfa2022.unnoba.edu.ar\/index.php\/cronograma-de-presentacion-de-resumenes\/","title":{"rendered":"Cronograma"},"content":{"rendered":"<p><strong><u>FECHAS<\/u><\/strong>:<\/p>\n<p>&nbsp;<\/p>\n<ul>\n<li>RECEPCI\u00d3N DE RES\u00daMENES: desde el 2 de mayo hasta el 12 de agosto a las 12hs<\/li>\n<li>DEVOLUCI\u00d3N DEL PAR EVALUADOR: 26 de agosto.<\/li>\n<li>ENV\u00cdO DE VERSI\u00d3N FINAL: 30 de septiembre<\/li>\n<\/ul>\n","protected":false},"excerpt":{"rendered":"<p>FECHAS: &nbsp; RECEPCI\u00d3N DE RES\u00daMENES: desde el 2 de mayo hasta el 12 de agosto a las 12hs DEVOLUCI\u00d3N DEL PAR EVALUADOR: 26 de agosto. ENV\u00cdO DE VERSI\u00d3N FINAL: 30 &#8230;<\/p>\n","protected":false},"author":1,"featured_media":0,"parent":0,"menu_order":0,"comment_status":"closed","ping_status":"closed","template":"","meta":{"footnotes":""},"class_list":["post-78","page","type-page","status-publish","hentry"],"_links":{"self":[{"href":"https:\/\/jfa2022.unnoba.edu.ar\/index.php\/wp-json\/wp\/v2\/pages\/78","targetHints":{"allow":["GET"]}}],"collection":[{"href":"https:\/\/jfa2022.unnoba.edu.ar\/index.php\/wp-json\/wp\/v2\/pages"}],"about":[{"href":"https:\/\/jfa2022.unnoba.edu.ar\/index.php\/wp-json\/wp\/v2\/types\/page"}],"author":[{"embeddable":true,"href":"https:\/\/jfa2022.unnoba.edu.ar\/index.php\/wp-json\/wp\/v2\/users\/1"}],"replies":[{"embeddable":true,"href":"https:\/\/jfa2022.unnoba.edu.ar\/index.php\/wp-json\/wp\/v2\/comments?post=78"}],"version-history":[{"count":6,"href":"https:\/\/jfa2022.unnoba.edu.ar\/index.php\/wp-json\/wp\/v2\/pages\/78\/revisions"}],"predecessor-version":[{"id":338,"href":"https:\/\/jfa2022.unnoba.edu.ar\/index.php\/wp-json\/wp\/v2\/pages\/78\/revisions\/338"}],"wp:attachment":[{"href":"https:\/\/jfa2022.unnoba.edu.ar\/index.php\/wp-json\/wp\/v2\/media?parent=78"}],"curies":[{"name":"wp","href":"https:\/\/api.w.org\/{rel}","templated":true}]}}